{"id":535,"date":"2023-05-11T16:37:05","date_gmt":"2023-05-11T14:37:05","guid":{"rendered":"https:\/\/www.gargatek.com\/mapa-web\/"},"modified":"2023-05-15T17:47:49","modified_gmt":"2023-05-15T15:47:49","slug":"mapa-web","status":"publish","type":"page","link":"https:\/\/www.gargatek.com\/es\/mapa-web\/","title":{"rendered":"Mapa web"},"content":{"rendered":"<p>[et_pb_section fb_built=\u00bb1&#8243; fullwidth=\u00bbon\u00bb admin_label=\u00bbHero\u00bb _builder_version=\u00bb4.21.0&#8243; background_image=\u00bbhttps:\/\/www.gargatek.com\/wp-content\/uploads\/2023\/04\/gargatek-software-programacion.png\u00bb parallax=\u00bbon\u00bb custom_padding=\u00bb0px|0|0px|0px|false|false\u00bb global_colors_info=\u00bb{}\u00bb][et_pb_fullwidth_header title=\u00bbMapa web\u00bb text_orientation=\u00bbcenter\u00bb admin_label=\u00bbFullwidth Header\u00bb _builder_version=\u00bb4.21.0&#8243; title_font=\u00bbShare Tech||||||||\u00bb title_text_align=\u00bbcenter\u00bb title_font_size=\u00bb80px\u00bb title_line_height=\u00bb1.2em\u00bb content_font=\u00bbOpen Sans||||||||\u00bb content_text_align=\u00bbcenter\u00bb content_font_size=\u00bb18px\u00bb content_line_height=\u00bb1.8em\u00bb background_color=\u00bbrgba(0,0,0,0)\u00bb use_background_color_gradient=\u00bbon\u00bb background_color_gradient_direction=\u00bb140deg\u00bb background_color_gradient_stops=\u00bbrgba(0,72,114,0.9) 0%|rgba(41,17,96,0.8) 100%\u00bb background_color_gradient_start=\u00bbrgba(0,72,114,0.9)\u00bb background_color_gradient_end=\u00bbrgba(41,17,96,0.8)\u00bb parallax=\u00bbon\u00bb parallax_method=\u00bbon\u00bb custom_button_one=\u00bbon\u00bb button_one_text_size=\u00bb15px\u00bb button_one_bg_color=\u00bb#ffa727&#8243; button_one_border_width=\u00bb15px\u00bb button_one_border_color=\u00bb#ffa727&#8243; button_one_border_radius=\u00bb100px\u00bb button_one_letter_spacing=\u00bb5px\u00bb button_one_font=\u00bbOpen Sans|700||on|||||\u00bb custom_margin=\u00bb|||\u00bb custom_padding=\u00bb10vw||10vw||true\u00bb custom_padding_tablet=\u00bb100px||100px||true\u00bb custom_padding_phone=\u00bb|||\u00bb custom_padding_last_edited=\u00bbon|desktop\u00bb title_font_size_tablet=\u00bb60px\u00bb title_font_size_phone=\u00bb36px\u00bb title_font_size_last_edited=\u00bbon|phone\u00bb content_font_size_tablet=\u00bb\u00bb content_font_size_phone=\u00bb16px\u00bb content_font_size_last_edited=\u00bbon|phone\u00bb button_one_text_size_tablet=\u00bb\u00bb button_one_text_size_phone=\u00bb\u00bb button_one_text_size_last_edited=\u00bbon|desktop\u00bb button_one_border_color_hover=\u00bb#ff8a3d\u00bb button_one_border_radius_hover=\u00bb100px\u00bb button_one_letter_spacing_hover=\u00bb5px\u00bb button_one_bg_color_hover=\u00bb#ff8a3d\u00bb global_colors_info=\u00bb{}\u00bb button_one_text_size__hover_enabled=\u00bboff\u00bb button_two_text_size__hover_enabled=\u00bboff\u00bb button_one_text_color__hover_enabled=\u00bboff\u00bb button_two_text_color__hover_enabled=\u00bboff\u00bb button_one_border_width__hover_enabled=\u00bboff\u00bb button_two_border_width__hover_enabled=\u00bboff\u00bb button_one_border_color__hover_enabled=\u00bbon\u00bb button_one_border_color__hover=\u00bb#ff8a3d\u00bb button_two_border_color__hover_enabled=\u00bboff\u00bb button_one_border_radius__hover_enabled=\u00bbon\u00bb button_one_border_radius__hover=\u00bb100px\u00bb button_two_border_radius__hover_enabled=\u00bboff\u00bb button_one_letter_spacing__hover_enabled=\u00bbon\u00bb button_one_letter_spacing__hover=\u00bb5px\u00bb button_two_letter_spacing__hover_enabled=\u00bboff\u00bb button_one_bg_color__hover_enabled=\u00bbon\u00bb button_one_bg_color__hover=\u00bb#ff8a3d\u00bb button_two_bg_color__hover_enabled=\u00bboff\u00bb][\/et_pb_fullwidth_header][\/et_pb_section][et_pb_section fb_built=\u00bb1&#8243; admin_label=\u00bbContact Info\u00bb _builder_version=\u00bb4.21.0&#8243; custom_padding=\u00bb||107px||false|false\u00bb global_colors_info=\u00bb{}\u00bb][et_pb_row make_equal=\u00bbon\u00bb disabled_on=\u00bboff|off|off\u00bb _builder_version=\u00bb4.21.0&#8243; custom_margin=\u00bb|||\u00bb custom_padding=\u00bb|||\u00bb locked=\u00bboff\u00bb global_colors_info=\u00bb{}\u00bb][et_pb_column type=\u00bb4_4&#8243; _builder_version=\u00bb4.21.0&#8243; background_color=\u00bb#FFFFFF\u00bb custom_padding=\u00bb|||\u00bb global_colors_info=\u00bb{}\u00bb custom_padding__hover=\u00bb|||\u00bb][et_pb_text _builder_version=\u00bb4.21.0&#8243; _module_preset=\u00bbdefault\u00bb text_font=\u00bbOpen Sans||||||||\u00bb text_text_color=\u00bb#666666&#8243; text_font_size=\u00bb16px\u00bb text_line_height=\u00bb1.8em\u00bb link_font=\u00bbOpen Sans||||||||\u00bb link_text_align=\u00bbcenter\u00bb link_text_color=\u00bb#3980f9&#8243; link_font_size=\u00bb16px\u00bb link_line_height=\u00bb1.8em\u00bb hover_enabled=\u00bb0&#8243; global_colors_info=\u00bb{}\u00bb sticky_enabled=\u00bb0&#8243;]<a href=\"https:\/\/www.gargatek.com\/es\/\">Inicio<\/a><\/p>\n<p><a href=\"https:\/\/www.gargatek.com\/es\/servicios\/\">Servicios<\/a><\/p>\n<p><a href=\"https:\/\/www.gargatek.com\/es\/contacto\/\">Contacto<\/a><\/p>\n<p><a href=\"https:\/\/www.gargatek.com\/es\/aviso-legal\/\">Aviso legal<\/a><\/p>\n<p><a href=\"https:\/\/www.gargatek.com\/es\/politica-de-privacidad\/\">Pol\u00edtica de privacidad<\/a><\/p>\n<p><a href=\"https:\/\/www.gargatek.com\/es\/politica-de-cookies\/\">Pol\u00edtica de cookies<\/a><\/p>\n<p><a href=\"https:\/\/www.gargatek.com\/es\/declaracion-de-accesibilidad\/\">Declaraci\u00f3n de accesibilidad<\/a><\/p>\n<p><a href=\"https:\/\/www.gargatek.com\/es\/mapa-web\/\">Mapa web<\/a>[\/et_pb_text][\/et_pb_column][\/et_pb_row][\/et_pb_section][et_pb_section fb_built=\u00bb1&#8243; _builder_version=\u00bb4.21.0&#8243; _module_preset=\u00bbdefault\u00bb use_background_color_gradient=\u00bbon\u00bb background_color_gradient_direction=\u00bb140deg\u00bb background_color_gradient_stops=\u00bb#004872 0%|rgba(41,17,96,0.8) 100%\u00bb background_color_gradient_overlays_image=\u00bbon\u00bb background_image=\u00bbhttps:\/\/www.gargatek.com\/wp-content\/uploads\/2023\/04\/gargatek-software-programacion.png\u00bb custom_padding=\u00bb0px||0px||false|false\u00bb global_colors_info=\u00bb{}\u00bb][et_pb_row _builder_version=\u00bb4.21.0&#8243; _module_preset=\u00bbdefault\u00bb global_colors_info=\u00bb{}\u00bb][et_pb_column type=\u00bb4_4&#8243; _builder_version=\u00bb4.21.0&#8243; _module_preset=\u00bbdefault\u00bb global_colors_info=\u00bb{}\u00bb][et_pb_text _builder_version=\u00bb4.21.0&#8243; _module_preset=\u00bbdefault\u00bb text_font=\u00bbOpen Sans||||||||\u00bb text_text_color=\u00bb#FFFFFF\u00bb text_font_size=\u00bb16px\u00bb text_line_height=\u00bb1.8em\u00bb link_font=\u00bbOpen Sans||||||||\u00bb link_text_align=\u00bbcenter\u00bb link_text_color=\u00bb#FFFFFF\u00bb link_font_size=\u00bb16px\u00bb link_line_height=\u00bb1.8em\u00bb text_orientation=\u00bbcenter\u00bb hover_enabled=\u00bb0&#8243; global_colors_info=\u00bb{}\u00bb sticky_enabled=\u00bb0&#8243;]<a href=\"https:\/\/www.gargatek.com\/es\/aviso-legal\/\">Aviso legal<\/a> \u00b7 <a href=\"https:\/\/www.gargatek.com\/es\/politica-de-privacidad\/\">Pol\u00edtica de privacidad<\/a> \u00b7 <a href=\"https:\/\/www.gargatek.com\/es\/politica-de-cookies\/\">Pol\u00edtica de cookies<\/a> \u00b7 <a href=\"https:\/\/www.gargatek.com\/es\/declaracion-de-accesibilidad\/\">Declaraci\u00f3n de accesibilidad<\/a> \u00b7 <a href=\"https:\/\/www.gargatek.com\/es\/mapa-web\/\">Mapa web<\/a>[\/et_pb_text][\/et_pb_column][\/et_pb_row][\/et_pb_section]<\/p>\n","protected":false},"excerpt":{"rendered":"<p>Inicio Servicios Contacto Aviso legal Pol\u00edtica de privacidad Pol\u00edtica de cookies Declaraci\u00f3n de accesibilidad Mapa webAviso legal \u00b7 Pol\u00edtica de privacidad \u00b7 Pol\u00edtica de cookies \u00b7 Declaraci\u00f3n de accesibilidad \u00b7 Mapa web<\/p>\n","protected":false},"author":1,"featured_media":0,"parent":0,"menu_order":0,"comment_status":"closed","ping_status":"closed","template":"","meta":{"_et_pb_use_builder":"on","_et_pb_old_content":"","_et_gb_content_width":"","footnotes":""},"class_list":["post-535","page","type-page","status-publish","hentry"],"yoast_head":"<!-- This site is optimized with the Yoast SEO plugin v20.8 - https:\/\/yoast.com\/wordpress\/plugins\/seo\/ -->\n<title>Mapa web | Gargatek<\/title>\n<meta name=\"robots\" content=\"index, follow, max-snippet:-1, max-image-preview:large, max-video-preview:-1\" \/>\n<link rel=\"canonical\" href=\"https:\/\/www.gargatek.com\/es\/mapa-web\/\" \/>\n<meta property=\"og:locale\" content=\"es_ES\" \/>\n<meta property=\"og:type\" content=\"article\" \/>\n<meta property=\"og:title\" content=\"Mapa web | Gargatek\" \/>\n<meta property=\"og:description\" content=\"Inicio Servicios Contacto Aviso legal Pol\u00edtica de privacidad Pol\u00edtica de cookies Declaraci\u00f3n de accesibilidad Mapa webAviso legal \u00b7 Pol\u00edtica de privacidad \u00b7 Pol\u00edtica de cookies \u00b7 Declaraci\u00f3n de accesibilidad \u00b7 Mapa web\" \/>\n<meta property=\"og:url\" content=\"https:\/\/www.gargatek.com\/es\/mapa-web\/\" \/>\n<meta property=\"og:site_name\" content=\"Gargatek\" \/>\n<meta property=\"article:modified_time\" content=\"2023-05-15T15:47:49+00:00\" \/>\n<meta name=\"twitter:card\" content=\"summary_large_image\" \/>\n<meta name=\"twitter:label1\" content=\"Tiempo de lectura\" \/>\n\t<meta name=\"twitter:data1\" content=\"3 minutos\" \/>\n<script type=\"application\/ld+json\" class=\"yoast-schema-graph\">{\"@context\":\"https:\/\/schema.org\",\"@graph\":[{\"@type\":\"WebPage\",\"@id\":\"https:\/\/www.gargatek.com\/es\/mapa-web\/\",\"url\":\"https:\/\/www.gargatek.com\/es\/mapa-web\/\",\"name\":\"Mapa web | Gargatek\",\"isPartOf\":{\"@id\":\"https:\/\/www.gargatek.com\/#website\"},\"datePublished\":\"2023-05-11T14:37:05+00:00\",\"dateModified\":\"2023-05-15T15:47:49+00:00\",\"breadcrumb\":{\"@id\":\"https:\/\/www.gargatek.com\/es\/mapa-web\/#breadcrumb\"},\"inLanguage\":\"es\",\"potentialAction\":[{\"@type\":\"ReadAction\",\"target\":[\"https:\/\/www.gargatek.com\/es\/mapa-web\/\"]}]},{\"@type\":\"BreadcrumbList\",\"@id\":\"https:\/\/www.gargatek.com\/es\/mapa-web\/#breadcrumb\",\"itemListElement\":[{\"@type\":\"ListItem\",\"position\":1,\"name\":\"Home\",\"item\":\"https:\/\/www.gargatek.com\/es\/\"},{\"@type\":\"ListItem\",\"position\":2,\"name\":\"Mapa web\"}]},{\"@type\":\"WebSite\",\"@id\":\"https:\/\/www.gargatek.com\/#website\",\"url\":\"https:\/\/www.gargatek.com\/\",\"name\":\"Gargatek\",\"description\":\"\",\"potentialAction\":[{\"@type\":\"SearchAction\",\"target\":{\"@type\":\"EntryPoint\",\"urlTemplate\":\"https:\/\/www.gargatek.com\/?s={search_term_string}\"},\"query-input\":\"required name=search_term_string\"}],\"inLanguage\":\"es\"}]}<\/script>\n<!-- \/ Yoast SEO plugin. -->","yoast_head_json":{"title":"Mapa web | Gargatek","robots":{"index":"index","follow":"follow","max-snippet":"max-snippet:-1","max-image-preview":"max-image-preview:large","max-video-preview":"max-video-preview:-1"},"canonical":"https:\/\/www.gargatek.com\/es\/mapa-web\/","og_locale":"es_ES","og_type":"article","og_title":"Mapa web | Gargatek","og_description":"Inicio Servicios Contacto Aviso legal Pol\u00edtica de privacidad Pol\u00edtica de cookies Declaraci\u00f3n de accesibilidad Mapa webAviso legal \u00b7 Pol\u00edtica de privacidad \u00b7 Pol\u00edtica de cookies \u00b7 Declaraci\u00f3n de accesibilidad \u00b7 Mapa web","og_url":"https:\/\/www.gargatek.com\/es\/mapa-web\/","og_site_name":"Gargatek","article_modified_time":"2023-05-15T15:47:49+00:00","twitter_card":"summary_large_image","twitter_misc":{"Tiempo de lectura":"3 minutos"},"schema":{"@context":"https:\/\/schema.org","@graph":[{"@type":"WebPage","@id":"https:\/\/www.gargatek.com\/es\/mapa-web\/","url":"https:\/\/www.gargatek.com\/es\/mapa-web\/","name":"Mapa web | Gargatek","isPartOf":{"@id":"https:\/\/www.gargatek.com\/#website"},"datePublished":"2023-05-11T14:37:05+00:00","dateModified":"2023-05-15T15:47:49+00:00","breadcrumb":{"@id":"https:\/\/www.gargatek.com\/es\/mapa-web\/#breadcrumb"},"inLanguage":"es","potentialAction":[{"@type":"ReadAction","target":["https:\/\/www.gargatek.com\/es\/mapa-web\/"]}]},{"@type":"BreadcrumbList","@id":"https:\/\/www.gargatek.com\/es\/mapa-web\/#breadcrumb","itemListElement":[{"@type":"ListItem","position":1,"name":"Home","item":"https:\/\/www.gargatek.com\/es\/"},{"@type":"ListItem","position":2,"name":"Mapa web"}]},{"@type":"WebSite","@id":"https:\/\/www.gargatek.com\/#website","url":"https:\/\/www.gargatek.com\/","name":"Gargatek","description":"","potentialAction":[{"@type":"SearchAction","target":{"@type":"EntryPoint","urlTemplate":"https:\/\/www.gargatek.com\/?s={search_term_string}"},"query-input":"required name=search_term_string"}],"inLanguage":"es"}]}},"_links":{"self":[{"href":"https:\/\/www.gargatek.com\/es\/wp-json\/wp\/v2\/pages\/535","targetHints":{"allow":["GET"]}}],"collection":[{"href":"https:\/\/www.gargatek.com\/es\/wp-json\/wp\/v2\/pages"}],"about":[{"href":"https:\/\/www.gargatek.com\/es\/wp-json\/wp\/v2\/types\/page"}],"author":[{"embeddable":true,"href":"https:\/\/www.gargatek.com\/es\/wp-json\/wp\/v2\/users\/1"}],"replies":[{"embeddable":true,"href":"https:\/\/www.gargatek.com\/es\/wp-json\/wp\/v2\/comments?post=535"}],"version-history":[{"count":2,"href":"https:\/\/www.gargatek.com\/es\/wp-json\/wp\/v2\/pages\/535\/revisions"}],"predecessor-version":[{"id":537,"href":"https:\/\/www.gargatek.com\/es\/wp-json\/wp\/v2\/pages\/535\/revisions\/537"}],"wp:attachment":[{"href":"https:\/\/www.gargatek.com\/es\/wp-json\/wp\/v2\/media?parent=535"}],"curies":[{"name":"wp","href":"https:\/\/api.w.org\/{rel}","templated":true}]}}