{"id":517,"date":"2023-05-11T13:04:09","date_gmt":"2023-05-11T11:04:09","guid":{"rendered":"https:\/\/www.gargatek.com\/declaracion-de-accesibilidad\/"},"modified":"2023-05-15T17:25:51","modified_gmt":"2023-05-15T15:25:51","slug":"declaracion-de-accesibilidad","status":"publish","type":"page","link":"https:\/\/www.gargatek.com\/es\/declaracion-de-accesibilidad\/","title":{"rendered":"Declaraci\u00f3n de accesibilidad"},"content":{"rendered":"<p>[et_pb_section fb_built=\u00bb1&#8243; fullwidth=\u00bbon\u00bb admin_label=\u00bbHero\u00bb _builder_version=\u00bb4.21.0&#8243; background_image=\u00bbhttps:\/\/www.gargatek.com\/wp-content\/uploads\/2023\/04\/gargatek-software-programacion.png\u00bb parallax=\u00bbon\u00bb custom_padding=\u00bb0px|0|0px|0px|false|false\u00bb global_colors_info=\u00bb{}\u00bb][et_pb_fullwidth_header title=\u00bbDeclaraci\u00f3n de accesibilidad\u00bb text_orientation=\u00bbcenter\u00bb admin_label=\u00bbFullwidth Header\u00bb _builder_version=\u00bb4.21.0&#8243; title_font=\u00bbShare Tech||||||||\u00bb title_text_align=\u00bbcenter\u00bb title_font_size=\u00bb80px\u00bb title_line_height=\u00bb1.2em\u00bb content_font=\u00bbOpen Sans||||||||\u00bb content_text_align=\u00bbcenter\u00bb content_font_size=\u00bb18px\u00bb content_line_height=\u00bb1.8em\u00bb background_color=\u00bbrgba(0,0,0,0)\u00bb use_background_color_gradient=\u00bbon\u00bb background_color_gradient_direction=\u00bb140deg\u00bb background_color_gradient_stops=\u00bbrgba(0,72,114,0.9) 0%|rgba(41,17,96,0.8) 100%\u00bb background_color_gradient_start=\u00bbrgba(0,72,114,0.9)\u00bb background_color_gradient_end=\u00bbrgba(41,17,96,0.8)\u00bb parallax=\u00bbon\u00bb parallax_method=\u00bbon\u00bb custom_button_one=\u00bbon\u00bb button_one_text_size=\u00bb15px\u00bb button_one_bg_color=\u00bb#ffa727&#8243; button_one_border_width=\u00bb15px\u00bb button_one_border_color=\u00bb#ffa727&#8243; button_one_border_radius=\u00bb100px\u00bb button_one_letter_spacing=\u00bb5px\u00bb button_one_font=\u00bbOpen Sans|700||on|||||\u00bb custom_margin=\u00bb|||\u00bb custom_padding=\u00bb10vw||10vw||true\u00bb custom_padding_tablet=\u00bb100px||100px||true\u00bb custom_padding_phone=\u00bb|||\u00bb custom_padding_last_edited=\u00bbon|desktop\u00bb title_font_size_tablet=\u00bb60px\u00bb title_font_size_phone=\u00bb36px\u00bb title_font_size_last_edited=\u00bbon|phone\u00bb content_font_size_tablet=\u00bb\u00bb content_font_size_phone=\u00bb16px\u00bb content_font_size_last_edited=\u00bbon|phone\u00bb button_one_text_size_tablet=\u00bb\u00bb button_one_text_size_phone=\u00bb\u00bb button_one_text_size_last_edited=\u00bbon|desktop\u00bb button_one_border_color_hover=\u00bb#ff8a3d\u00bb button_one_border_radius_hover=\u00bb100px\u00bb button_one_letter_spacing_hover=\u00bb5px\u00bb button_one_bg_color_hover=\u00bb#ff8a3d\u00bb global_colors_info=\u00bb{}\u00bb button_one_text_size__hover_enabled=\u00bboff\u00bb button_two_text_size__hover_enabled=\u00bboff\u00bb button_one_text_color__hover_enabled=\u00bboff\u00bb button_two_text_color__hover_enabled=\u00bboff\u00bb button_one_border_width__hover_enabled=\u00bboff\u00bb button_two_border_width__hover_enabled=\u00bboff\u00bb button_one_border_color__hover_enabled=\u00bbon\u00bb button_one_border_color__hover=\u00bb#ff8a3d\u00bb button_two_border_color__hover_enabled=\u00bboff\u00bb button_one_border_radius__hover_enabled=\u00bbon\u00bb button_one_border_radius__hover=\u00bb100px\u00bb button_two_border_radius__hover_enabled=\u00bboff\u00bb button_one_letter_spacing__hover_enabled=\u00bbon\u00bb button_one_letter_spacing__hover=\u00bb5px\u00bb button_two_letter_spacing__hover_enabled=\u00bboff\u00bb button_one_bg_color__hover_enabled=\u00bbon\u00bb button_one_bg_color__hover=\u00bb#ff8a3d\u00bb button_two_bg_color__hover_enabled=\u00bboff\u00bb][\/et_pb_fullwidth_header][\/et_pb_section][et_pb_section fb_built=\u00bb1&#8243; admin_label=\u00bbContact Info\u00bb _builder_version=\u00bb4.21.0&#8243; custom_padding=\u00bb||107px||false|false\u00bb global_colors_info=\u00bb{}\u00bb][et_pb_row make_equal=\u00bbon\u00bb disabled_on=\u00bboff|off|off\u00bb _builder_version=\u00bb4.21.0&#8243; custom_margin=\u00bb|||\u00bb custom_padding=\u00bb|||\u00bb locked=\u00bboff\u00bb global_colors_info=\u00bb{}\u00bb][et_pb_column type=\u00bb4_4&#8243; _builder_version=\u00bb4.21.0&#8243; background_color=\u00bb#FFFFFF\u00bb custom_padding=\u00bb|||\u00bb global_colors_info=\u00bb{}\u00bb custom_padding__hover=\u00bb|||\u00bb][et_pb_text _builder_version=\u00bb4.21.0&#8243; _module_preset=\u00bbdefault\u00bb text_font=\u00bbOpen Sans||||||||\u00bb text_text_color=\u00bb#666666&#8243; text_font_size=\u00bb16px\u00bb text_line_height=\u00bb1.8em\u00bb link_font=\u00bbOpen Sans||||||||\u00bb link_text_align=\u00bbcenter\u00bb link_text_color=\u00bb#3980f9&#8243; link_font_size=\u00bb16px\u00bb link_line_height=\u00bb1.8em\u00bb global_colors_info=\u00bb{}\u00bb]<\/p>\n<p>Gargatek SL se ha comprometido a hacer accesibles sus sitios web de conformidad con el <a href=\"https:\/\/www.boe.es\/buscar\/act.php?id=BOE-A-2018-12699\" target=\"_blank\" rel=\"noopener\">Real Decreto 1112\/2018, de 7 de septiembre<\/a>, sobre accesibilidad de los sitios web y aplicaciones para dispositivos m\u00f3viles del sector p\u00fablico (en adelante, Real Decreto 1112\/2018, de 7 de septiembre).<\/p>\n<p>Esta declaraci\u00f3n de accesibilidad se aplica en el sitio web <a href=\"https:\/\/www.gargatek.com\/es\/\">www.gargatek.com<\/a> (los subdominios de este sitio web tendr\u00e1n declaraciones de accesibilidad propias).<\/p>\n<p><b>Situaci\u00f3n de cumplimiento<\/b><\/p>\n<p>Este sitio web es parcialmente conforme al Real decreto 1112\/2018, de 7 de septiembre, debido a la falta de conformidad de los aspectos que se indican a continuaci\u00f3n.<\/p>\n<p><b>Contenido no accesible<\/b><\/p>\n<p>El contenido que se recoge a continuaci\u00f3n no es accesible por lo siguiente:<\/p>\n<p>1. Carece de conformidad con el Real Decreto 1112\/2018, de 7 de septiembre: podr\u00edan existir errores puntuales de edici\u00f3n en alguna p\u00e1gina web, tanto en contenidos HTML como en documentos finales, publicados en fecha posterior al 20 de septiembre de 2018 ( fecha de entrada en vigor del Real Decreto 1112\/2018, de 7 de septiembre). Concretamente puede haber errores en aquellos documentos que contienen gr\u00e1ficos, tablas complejas o en aquellos firmados electr\u00f3nicamente antes de la revisi\u00f3n de accesibilidad.<br \/>2. Carga desproporcionada: no se aplica.<br \/>3. El contenido no entra en el \u00e1mbito de la legislaci\u00f3n aplicable: Pueden existir documentos en formato PDF publicados antes del 20 de septiembre de 2018 que no cumplan \u00edntegramente todos los requisitos de accesibilidad.<\/p>\n<p><b>Preparaci\u00f3n de esta declaraci\u00f3n de accesibilidad<\/b><\/p>\n<p>Esta declaraci\u00f3n fue preparada el 20 de enero de 2023<\/p>\n<p>El m\u00e9todo empleado para preparar la declaraci\u00f3n ha sido una autoevaluaci\u00f3n llevada a cabo por el propio organismo.<\/p>\n<p>\u00daltima revisi\u00f3n de la declaraci\u00f3n: 23 de enero de 2023.<\/p>\n<p><b>Observaciones y datos de contacto<\/b><\/p>\n<p>Puede realizar comunicaciones sobre requisitos de accesibilidad (art\u00edculo 10.2.a) del Real decreto 1112\/2018, de 7 de septiembre) como, por ejemplo:<\/p>\n<p>\u2022 Informar sobre cualquier posible incumplimiento por parte de este sitio web.<br \/>\u2022 Transmitir otras dificultades de acceso al contenido.<br \/>\u2022 Formular cualquier otra consulta o sugerencia de mejora relativa a la accesibilidad del sitio web.<\/p>\n<p>A trav\u00e9s de las siguientes v\u00edas:<\/p>\n<p>\u2022 Correo electr\u00f3nico: <a href=\"mailto:info@gargatek.com\">info@gargatek.com<\/a><br \/>\u2022 Tel\u00e9fono: <a href=\"tel:+34639708322\">639708322<\/a><\/p>\n<p>Las comunicaciones ser\u00e1n recibidas y tratadas por la Unidad Responsable de Accesibilidad de la Subdirecci\u00f3n General de Promoci\u00f3n y Autorizaciones.<\/p>\n<p>Tambi\u00e9n puede solicitar en formato accesible informaci\u00f3n que no cumpla con los requisitos de accesibilidad bien por estar excluida, bien por estar exenta por carga desproporcionada; o formular una queja por incumplimiento de los requisitos de accesibilidad. Enlace al <a href=\"https:\/\/sedeminhap.gob.es\/es-ES\/Organos\/SecretariaGeneralTecnica\/Procedimientos\/Paginas\/Default.aspx?IdProcedimiento=1770&amp;p=3\" target=\"_blank\" rel=\"noopener\">procedimiento de solicitud de informaci\u00f3n accesible y quejas<\/a>, imagen del art\u00edculo 12 del Real Decreto 1112\/2018, de 7 de septiembre.<\/p>\n<p><b>Procedimiento de aplicaci\u00f3n<\/b><\/p>\n<p>A trav\u00e9s de este procedimiento podr\u00e1 iniciar una reclamaci\u00f3n para conocer y oponerse a los motivos de la desestimaci\u00f3n de una solicitud de informaci\u00f3n accesible o queja, instar la adopci\u00f3n de las medidas oportunas en caso de no estar de acuerdo con la decisi\u00f3n adoptada, o exponer las razones por las que se considera que la respuesta no cumple con los requisitos exigidos.<\/p>\n<p>Enlace al <a href=\"https:\/\/www.gargatek.com\/es\/contacto\/\">procedimiento de reclamaci\u00f3n<\/a>, que debe dirigirse a la Unidad responsable de accesibilidad, o si la reclamaci\u00f3n es por una actuaci\u00f3n de la Unidad mencionada, al superior jer\u00e1rquico de \u00e9sta.<\/p>\n<p><b>Contenido opcional<\/b><\/p>\n<p>La versi\u00f3n actualmente visible de este sitio web es de febrero de 2023 y en esa fecha se hizo la revisi\u00f3n del nivel de accesibilidad vigente en ese momento.<\/p>\n<p>A partir de la fecha mencionada se llevan a cabo revisiones parciales diarias del contenido web nuevo o modificado, tanto de las plantillas como de las p\u00e1ginas y documentos finales publicados, a fin de asegurar el cumplimiento de los requerimientos de accesibilidad de la Norma UNE- EN 301549:2019, considerando las excepciones del Real Decreto 1112\/2018, de 7 de septiembre.<\/p>\n<p>Entre otras, se adoptan las siguientes medidas para facilitar la accesibilidad:<\/p>\n<p>\u2022 Utilizaci\u00f3n de texto alternativo en las im\u00e1genes<br \/>\u2022 Los enlaces ofrecen detalles de la funci\u00f3n o destino del hiperenlace<br \/>\u2022 Uso de los est\u00e1ndares del W3C: XHTML 1.0, CSS 3.0, WAI AA.<\/p>\n<p>Puede consultar en la p\u00e1gina de <a href=\"https:\/\/www.gargatek.com\/es\/aviso-legal\/\">Aviso Legal<\/a>, image para qu\u00e9 navegadores y versiones est\u00e1 optimizado este sitio web.<\/p>\n<p>[\/et_pb_text][\/et_pb_column][\/et_pb_row][\/et_pb_section][et_pb_section fb_built=\u00bb1&#8243; _builder_version=\u00bb4.21.0&#8243; _module_preset=\u00bbdefault\u00bb use_background_color_gradient=\u00bbon\u00bb background_color_gradient_direction=\u00bb140deg\u00bb background_color_gradient_stops=\u00bb#004872 0%|rgba(41,17,96,0.8) 100%\u00bb background_color_gradient_overlays_image=\u00bbon\u00bb background_image=\u00bbhttps:\/\/www.gargatek.com\/wp-content\/uploads\/2023\/04\/gargatek-software-programacion.png\u00bb custom_padding=\u00bb0px||0px||false|false\u00bb global_colors_info=\u00bb{}\u00bb][et_pb_row _builder_version=\u00bb4.21.0&#8243; _module_preset=\u00bbdefault\u00bb global_colors_info=\u00bb{}\u00bb][et_pb_column type=\u00bb4_4&#8243; _builder_version=\u00bb4.21.0&#8243; _module_preset=\u00bbdefault\u00bb global_colors_info=\u00bb{}\u00bb][et_pb_text _builder_version=\u00bb4.21.0&#8243; _module_preset=\u00bbdefault\u00bb text_font=\u00bbOpen Sans||||||||\u00bb text_text_color=\u00bb#FFFFFF\u00bb text_font_size=\u00bb16px\u00bb text_line_height=\u00bb1.8em\u00bb link_font=\u00bbOpen Sans||||||||\u00bb link_text_align=\u00bbcenter\u00bb link_text_color=\u00bb#FFFFFF\u00bb link_font_size=\u00bb16px\u00bb link_line_height=\u00bb1.8em\u00bb text_orientation=\u00bbcenter\u00bb global_colors_info=\u00bb{}\u00bb]<a href=\"https:\/\/www.gargatek.com\/es\/aviso-legal\/\">Aviso legal<\/a> \u00b7 <a href=\"https:\/\/www.gargatek.com\/es\/politica-de-privacidad\/\">Pol\u00edtica de privacidad<\/a> \u00b7 <a href=\"https:\/\/www.gargatek.com\/es\/politica-de-cookies\/\">Pol\u00edtica de cookies<\/a> \u00b7 <a href=\"https:\/\/www.gargatek.com\/es\/declaracion-de-accesibilidad\/\">Declaraci\u00f3n de accesibilidad<\/a> \u00b7 <a href=\"https:\/\/www.gargatek.com\/es\/mapa-web\/\">Mapa web<\/a>[\/et_pb_text][\/et_pb_column][\/et_pb_row][\/et_pb_section]<\/p>\n","protected":false},"excerpt":{"rendered":"<p>Gargatek SL se ha comprometido a hacer accesibles sus sitios web de conformidad con el Real Decreto 1112\/2018, de 7 de septiembre, sobre accesibilidad de los sitios web y aplicaciones para dispositivos m\u00f3viles del sector p\u00fablico (en adelante, Real Decreto 1112\/2018, de 7 de septiembre). Esta declaraci\u00f3n de accesibilidad se aplica en el sitio web [&hellip;]<\/p>\n","protected":false},"author":1,"featured_media":0,"parent":0,"menu_order":0,"comment_status":"closed","ping_status":"closed","template":"","meta":{"_et_pb_use_builder":"on","_et_pb_old_content":"","_et_gb_content_width":"","footnotes":""},"class_list":["post-517","page","type-page","status-publish","hentry"],"yoast_head":"<!-- This site is optimized with the Yoast SEO plugin v20.8 - https:\/\/yoast.com\/wordpress\/plugins\/seo\/ -->\n<title>Declaraci\u00f3n de accesibilidad | Gargatek<\/title>\n<meta name=\"robots\" content=\"index, follow, max-snippet:-1, max-image-preview:large, max-video-preview:-1\" \/>\n<link rel=\"canonical\" href=\"https:\/\/www.gargatek.com\/es\/declaracion-de-accesibilidad\/\" \/>\n<meta property=\"og:locale\" content=\"es_ES\" \/>\n<meta property=\"og:type\" content=\"article\" \/>\n<meta property=\"og:title\" content=\"Declaraci\u00f3n de accesibilidad | Gargatek\" \/>\n<meta property=\"og:description\" content=\"Gargatek SL se ha comprometido a hacer accesibles sus sitios web de conformidad con el Real Decreto 1112\/2018, de 7 de septiembre, sobre accesibilidad de los sitios web y aplicaciones para dispositivos m\u00f3viles del sector p\u00fablico (en adelante, Real Decreto 1112\/2018, de 7 de septiembre). Esta declaraci\u00f3n de accesibilidad se aplica en el sitio web [&hellip;]\" \/>\n<meta property=\"og:url\" content=\"https:\/\/www.gargatek.com\/es\/declaracion-de-accesibilidad\/\" \/>\n<meta property=\"og:site_name\" content=\"Gargatek\" \/>\n<meta property=\"article:modified_time\" content=\"2023-05-15T15:25:51+00:00\" \/>\n<meta name=\"twitter:card\" content=\"summary_large_image\" \/>\n<meta name=\"twitter:label1\" content=\"Tiempo de lectura\" \/>\n\t<meta name=\"twitter:data1\" content=\"7 minutos\" \/>\n<script type=\"application\/ld+json\" class=\"yoast-schema-graph\">{\"@context\":\"https:\/\/schema.org\",\"@graph\":[{\"@type\":\"WebPage\",\"@id\":\"https:\/\/www.gargatek.com\/es\/declaracion-de-accesibilidad\/\",\"url\":\"https:\/\/www.gargatek.com\/es\/declaracion-de-accesibilidad\/\",\"name\":\"Declaraci\u00f3n de accesibilidad | Gargatek\",\"isPartOf\":{\"@id\":\"https:\/\/www.gargatek.com\/#website\"},\"datePublished\":\"2023-05-11T11:04:09+00:00\",\"dateModified\":\"2023-05-15T15:25:51+00:00\",\"breadcrumb\":{\"@id\":\"https:\/\/www.gargatek.com\/es\/declaracion-de-accesibilidad\/#breadcrumb\"},\"inLanguage\":\"es\",\"potentialAction\":[{\"@type\":\"ReadAction\",\"target\":[\"https:\/\/www.gargatek.com\/es\/declaracion-de-accesibilidad\/\"]}]},{\"@type\":\"BreadcrumbList\",\"@id\":\"https:\/\/www.gargatek.com\/es\/declaracion-de-accesibilidad\/#breadcrumb\",\"itemListElement\":[{\"@type\":\"ListItem\",\"position\":1,\"name\":\"Home\",\"item\":\"https:\/\/www.gargatek.com\/es\/\"},{\"@type\":\"ListItem\",\"position\":2,\"name\":\"Declaraci\u00f3n de accesibilidad\"}]},{\"@type\":\"WebSite\",\"@id\":\"https:\/\/www.gargatek.com\/#website\",\"url\":\"https:\/\/www.gargatek.com\/\",\"name\":\"Gargatek\",\"description\":\"\",\"potentialAction\":[{\"@type\":\"SearchAction\",\"target\":{\"@type\":\"EntryPoint\",\"urlTemplate\":\"https:\/\/www.gargatek.com\/?s={search_term_string}\"},\"query-input\":\"required name=search_term_string\"}],\"inLanguage\":\"es\"}]}<\/script>\n<!-- \/ Yoast SEO plugin. -->","yoast_head_json":{"title":"Declaraci\u00f3n de accesibilidad | Gargatek","robots":{"index":"index","follow":"follow","max-snippet":"max-snippet:-1","max-image-preview":"max-image-preview:large","max-video-preview":"max-video-preview:-1"},"canonical":"https:\/\/www.gargatek.com\/es\/declaracion-de-accesibilidad\/","og_locale":"es_ES","og_type":"article","og_title":"Declaraci\u00f3n de accesibilidad | Gargatek","og_description":"Gargatek SL se ha comprometido a hacer accesibles sus sitios web de conformidad con el Real Decreto 1112\/2018, de 7 de septiembre, sobre accesibilidad de los sitios web y aplicaciones para dispositivos m\u00f3viles del sector p\u00fablico (en adelante, Real Decreto 1112\/2018, de 7 de septiembre). Esta declaraci\u00f3n de accesibilidad se aplica en el sitio web [&hellip;]","og_url":"https:\/\/www.gargatek.com\/es\/declaracion-de-accesibilidad\/","og_site_name":"Gargatek","article_modified_time":"2023-05-15T15:25:51+00:00","twitter_card":"summary_large_image","twitter_misc":{"Tiempo de lectura":"7 minutos"},"schema":{"@context":"https:\/\/schema.org","@graph":[{"@type":"WebPage","@id":"https:\/\/www.gargatek.com\/es\/declaracion-de-accesibilidad\/","url":"https:\/\/www.gargatek.com\/es\/declaracion-de-accesibilidad\/","name":"Declaraci\u00f3n de accesibilidad | Gargatek","isPartOf":{"@id":"https:\/\/www.gargatek.com\/#website"},"datePublished":"2023-05-11T11:04:09+00:00","dateModified":"2023-05-15T15:25:51+00:00","breadcrumb":{"@id":"https:\/\/www.gargatek.com\/es\/declaracion-de-accesibilidad\/#breadcrumb"},"inLanguage":"es","potentialAction":[{"@type":"ReadAction","target":["https:\/\/www.gargatek.com\/es\/declaracion-de-accesibilidad\/"]}]},{"@type":"BreadcrumbList","@id":"https:\/\/www.gargatek.com\/es\/declaracion-de-accesibilidad\/#breadcrumb","itemListElement":[{"@type":"ListItem","position":1,"name":"Home","item":"https:\/\/www.gargatek.com\/es\/"},{"@type":"ListItem","position":2,"name":"Declaraci\u00f3n de accesibilidad"}]},{"@type":"WebSite","@id":"https:\/\/www.gargatek.com\/#website","url":"https:\/\/www.gargatek.com\/","name":"Gargatek","description":"","potentialAction":[{"@type":"SearchAction","target":{"@type":"EntryPoint","urlTemplate":"https:\/\/www.gargatek.com\/?s={search_term_string}"},"query-input":"required name=search_term_string"}],"inLanguage":"es"}]}},"_links":{"self":[{"href":"https:\/\/www.gargatek.com\/es\/wp-json\/wp\/v2\/pages\/517","targetHints":{"allow":["GET"]}}],"collection":[{"href":"https:\/\/www.gargatek.com\/es\/wp-json\/wp\/v2\/pages"}],"about":[{"href":"https:\/\/www.gargatek.com\/es\/wp-json\/wp\/v2\/types\/page"}],"author":[{"embeddable":true,"href":"https:\/\/www.gargatek.com\/es\/wp-json\/wp\/v2\/users\/1"}],"replies":[{"embeddable":true,"href":"https:\/\/www.gargatek.com\/es\/wp-json\/wp\/v2\/comments?post=517"}],"version-history":[{"count":2,"href":"https:\/\/www.gargatek.com\/es\/wp-json\/wp\/v2\/pages\/517\/revisions"}],"predecessor-version":[{"id":519,"href":"https:\/\/www.gargatek.com\/es\/wp-json\/wp\/v2\/pages\/517\/revisions\/519"}],"wp:attachment":[{"href":"https:\/\/www.gargatek.com\/es\/wp-json\/wp\/v2\/media?parent=517"}],"curies":[{"name":"wp","href":"https:\/\/api.w.org\/{rel}","templated":true}]}}