{"id":483,"date":"2023-05-11T18:12:07","date_gmt":"2023-05-11T16:12:07","guid":{"rendered":"https:\/\/www.gargatek.com\/politica-de-cookies\/"},"modified":"2023-05-15T13:25:20","modified_gmt":"2023-05-15T11:25:20","slug":"politica-de-cookies","status":"publish","type":"page","link":"https:\/\/www.gargatek.com\/ca\/politica-de-cookies\/","title":{"rendered":"Pol\u00edtica de cookies"},"content":{"rendered":"<p>[et_pb_section fb_built=&#8221;1&#8243; fullwidth=&#8221;on&#8221; admin_label=&#8221;Hero&#8221; _builder_version=&#8221;4.21.0&#8243; background_image=&#8221;https:\/\/www.gargatek.com\/wp-content\/uploads\/2023\/04\/gargatek-software-programacion.png&#8221; parallax=&#8221;on&#8221; custom_padding=&#8221;0px|0|0px|0px|false|false&#8221; global_colors_info=&#8221;{}&#8221;][et_pb_fullwidth_header title=&#8221;Pol\u00edtica de cookies&#8221; text_orientation=&#8221;center&#8221; admin_label=&#8221;Fullwidth Header&#8221; _builder_version=&#8221;4.21.0&#8243; title_font=&#8221;Share Tech||||||||&#8221; title_text_align=&#8221;center&#8221; title_font_size=&#8221;80px&#8221; title_line_height=&#8221;1.2em&#8221; content_font=&#8221;Open Sans||||||||&#8221; content_text_align=&#8221;center&#8221; content_font_size=&#8221;18px&#8221; content_line_height=&#8221;1.8em&#8221; background_color=&#8221;rgba(0,0,0,0)&#8221; use_background_color_gradient=&#8221;on&#8221; background_color_gradient_direction=&#8221;140deg&#8221; background_color_gradient_stops=&#8221;rgba(0,72,114,0.9) 0%|rgba(41,17,96,0.8) 100%&#8221; background_color_gradient_start=&#8221;rgba(0,72,114,0.9)&#8221; background_color_gradient_end=&#8221;rgba(41,17,96,0.8)&#8221; parallax=&#8221;on&#8221; parallax_method=&#8221;on&#8221; custom_button_one=&#8221;on&#8221; button_one_text_size=&#8221;15px&#8221; button_one_bg_color=&#8221;#ffa727&#8243; button_one_border_width=&#8221;15px&#8221; button_one_border_color=&#8221;#ffa727&#8243; button_one_border_radius=&#8221;100px&#8221; button_one_letter_spacing=&#8221;5px&#8221; button_one_font=&#8221;Open Sans|700||on|||||&#8221; custom_margin=&#8221;|||&#8221; custom_padding=&#8221;10vw||10vw||true&#8221; custom_padding_tablet=&#8221;100px||100px||true&#8221; custom_padding_phone=&#8221;|||&#8221; custom_padding_last_edited=&#8221;on|desktop&#8221; title_font_size_tablet=&#8221;60px&#8221; title_font_size_phone=&#8221;36px&#8221; title_font_size_last_edited=&#8221;on|phone&#8221; content_font_size_tablet=&#8221;&#8221; content_font_size_phone=&#8221;16px&#8221; content_font_size_last_edited=&#8221;on|phone&#8221; button_one_text_size_tablet=&#8221;&#8221; button_one_text_size_phone=&#8221;&#8221; button_one_text_size_last_edited=&#8221;on|desktop&#8221; button_one_border_color_hover=&#8221;#ff8a3d&#8221; button_one_border_radius_hover=&#8221;100px&#8221; button_one_letter_spacing_hover=&#8221;5px&#8221; button_one_bg_color_hover=&#8221;#ff8a3d&#8221; global_colors_info=&#8221;{}&#8221; button_one_text_size__hover_enabled=&#8221;off&#8221; button_two_text_size__hover_enabled=&#8221;off&#8221; button_one_text_color__hover_enabled=&#8221;off&#8221; button_two_text_color__hover_enabled=&#8221;off&#8221; button_one_border_width__hover_enabled=&#8221;off&#8221; button_two_border_width__hover_enabled=&#8221;off&#8221; button_one_border_color__hover_enabled=&#8221;on&#8221; button_one_border_color__hover=&#8221;#ff8a3d&#8221; button_two_border_color__hover_enabled=&#8221;off&#8221; button_one_border_radius__hover_enabled=&#8221;on&#8221; button_one_border_radius__hover=&#8221;100px&#8221; button_two_border_radius__hover_enabled=&#8221;off&#8221; button_one_letter_spacing__hover_enabled=&#8221;on&#8221; button_one_letter_spacing__hover=&#8221;5px&#8221; button_two_letter_spacing__hover_enabled=&#8221;off&#8221; button_one_bg_color__hover_enabled=&#8221;on&#8221; button_one_bg_color__hover=&#8221;#ff8a3d&#8221; button_two_bg_color__hover_enabled=&#8221;off&#8221;][\/et_pb_fullwidth_header][\/et_pb_section][et_pb_section fb_built=&#8221;1&#8243; admin_label=&#8221;Contact Info&#8221; _builder_version=&#8221;4.21.0&#8243; custom_padding=&#8221;||107px||false|false&#8221; global_colors_info=&#8221;{}&#8221;][et_pb_row make_equal=&#8221;on&#8221; disabled_on=&#8221;off|off|off&#8221; _builder_version=&#8221;4.21.0&#8243; custom_margin=&#8221;|||&#8221; custom_padding=&#8221;|||&#8221; locked=&#8221;off&#8221; global_colors_info=&#8221;{}&#8221;][et_pb_column type=&#8221;4_4&#8243; _builder_version=&#8221;4.21.0&#8243; background_color=&#8221;#FFFFFF&#8221; custom_padding=&#8221;|||&#8221; global_colors_info=&#8221;{}&#8221; custom_padding__hover=&#8221;|||&#8221;][et_pb_text _builder_version=&#8221;4.21.0&#8243; _module_preset=&#8221;default&#8221; text_font=&#8221;Open Sans||||||||&#8221; text_text_color=&#8221;#666666&#8243; text_font_size=&#8221;16px&#8221; text_line_height=&#8221;1.8em&#8221; link_font=&#8221;Open Sans||||||||&#8221; link_text_align=&#8221;center&#8221; link_text_color=&#8221;#3980f9&#8243; link_font_size=&#8221;16px&#8221; link_line_height=&#8221;1.8em&#8221; global_colors_info=&#8221;{}&#8221;]En la web https:\/\/www.gargatek.com utilizamos cookies para facilitar la relaci\u00f3n de los visitantes con nuestro contenido y permitir elaborar estad\u00edsticas sobre las visitantes que recibimos.<\/p>\n<p>En cumplimiento de la Directiva 2009\/136\/CE, desarrollada en nuestro ordenamiento por el apartado segundo del art\u00edculo 22 de la Ley de Servicios de Sociedad de la Informaci\u00f3n, siguiendo las directrices de la Agencia Espa\u00f1ola de Protecci\u00f3n de Datos, le informaremos detalladamente del uso que se realiza en nuestra web.<\/p>\n<p>Se llaman cookies a unos peque\u00f1os archivos que se graban en el navegador utilizado por cada visitante de nuestra web para que el servidor pueda recordar la visita de este usuario con posterioridad cuando vuelva a acceder a nuestros contenidos. Esta informaci\u00f3n no revela su identidad, ni ninguna fecha personal, ni accede al contenido almacenado en su pc, pero s\u00ed permite a nuestro sistema identificarse como un usuario determinado que ya visit\u00f3 la web con anterioridad, visualiz\u00f3 determinadas p\u00e1ginas, etc. y adem\u00e1s permite guardar sus preferencias personales e informaci\u00f3n t\u00e9cnica como las visitas realizadas o p\u00e1ginas concretas que visite.<\/p>\n<p>La finalidad de las cookies es facilitar al Usuario un acceso m\u00e1s r\u00e1pido a los Servicios seleccionados.<\/p>\n<p>Si no desea que se guarden cookies en su navegador o prefiera recibir una informaci\u00f3n cada vez que una cookie solicite instalarse, puede configurar sus opciones de navegaci\u00f3n para que se haga de esta manera. La mayor parte de los navegadores permiten la gesti\u00f3n de las cookies de 3 formas distintas:<\/p>\n<p>&#8211; Las cookies son siempre rechazadas;<br \/>\n&#8211; El navegador pregunta si el usuario desea instalar cada cookie;<br \/>\n&#8211; Las cookies son siempre aceptadas;<\/p>\n<p>Su navegador tambi\u00e9n puede incluir la posibilidad de seleccionar con detalle las cookies que desea que se instalen en su ordenador. En concreto, el usuario puede normalmente aceptar alguna de las siguientes opciones:<\/p>\n<p>&#8211; rechazar las cookies de determinados dominios;<br \/>\n&#8211; rechazar las cookies de terceros;<br \/>\n&#8211; aceptar cookies como no persistentes (se eliminan cuando el navegador se cierra);<br \/>\n&#8211; permitir al servidor crear cookies para un dominio distinto.<\/p>\n<p><b>Para permitir, conocer, bloquear o eliminar las cookies instaladas en su equipo puede hacerlo mediante la configuraci\u00f3n de las opciones del navegador instalado en su ordenador.<\/b><\/p>\n<p>Puede encontrar informaci\u00f3n sobre c\u00f3mo configurar los navegadores m\u00e1s utilizados en las siguientes ubicaciones:<\/p>\n<p>&#8211; Internet Explorer: Herramientas -&gt; Opciones de Internet -&gt; Privacidad -&gt; Configuraci\u00f3n. Para m\u00e1s informaci\u00f3n, puede consultar el soporte de Microsoft o la Ayuda del navegador.<br \/>\n&#8211; Firefox: Herramientas -&gt; Opciones -&gt; Privacidad -&gt; Historial -&gt; Configuraci\u00f3n Personalizada. Para m\u00e1s informaci\u00f3n, puede consultar el soporte de Mozilla o la Ayuda del navegador.<br \/>\n&#8211; Chrome: Configuraci\u00f3n -&gt; Mostrar opciones avanzadas -&gt; Privacidad -&gt; Configuraci\u00f3n de contenido. Para m\u00e1s informaci\u00f3n, puede consultar el soporte de Google o la Ayuda del navegador.<br \/>\n&#8211; Safari: Preferencias -&gt; Seguridad. Para m\u00e1s informaci\u00f3n, puede consultar el soporte de Apple o la Ayuda del navegador.<\/p>\n<p>Respecto de las cookies de terceros, es decir aquellas que son ajenas a nuestro sitio web, no podemos hacernos responsables del contenido y veracidad de las pol\u00edticas de privacidad que ellos incluyen por lo que la informaci\u00f3n que le ofrecemos es siempre en referencia a la fuente.<\/p>\n<p>A continuaci\u00f3n le informamos detalladamente de las cookies que se pueden instalar desde nuestro sitio web. En funci\u00f3n de su navegaci\u00f3n podr\u00e1 instalar todas o s\u00f3lo algunas.<\/p>\n<table>\n<tbody>\n<tr align=\"center\">\n<td>Nombre<\/td>\n<td>Categor\u00eda<\/td>\n<td>Descripci\u00f3n<\/td>\n<td>Propiedad<\/td>\n<td>Duraci\u00f3n<\/td>\n<\/tr>\n<tr id=\"wordpress_\" align=\"center\">\n<td>wordpress_<\/td>\n<td>Funcionalidad<\/td>\n<td>Se activa durante el login y guarda los detalles de autenticaci\u00f3n.<\/td>\n<td>Propia<\/td>\n<td>1 a\u00f1o<\/td>\n<\/tr>\n<tr id=\"wordpress_logged_in_\" align=\"center\">\n<td>wordpress_logged_in_<\/td>\n<td>Funcionalidad<\/td>\n<td>Se activa durante el login y guarda los detalles de autenticaci\u00f3n.<\/td>\n<td>Propia<\/td>\n<td>1 a\u00f1o<\/td>\n<\/tr>\n<tr id=\"wordpress_test_cookie\" align=\"center\">\n<td>wordpress_test_cookie<\/td>\n<td>Funcionalidad<\/td>\n<td>Se activa durante el login y guarda los detalles de autenticaci\u00f3n.<\/td>\n<td>Propia<\/td>\n<td>1 a\u00f1o<\/td>\n<\/tr>\n<tr id=\"wp-settings-\" align=\"center\">\n<td>wp-settings-<\/td>\n<td>Funcionalidad<\/td>\n<td>Sirve para personalizar la interfaz de usuario.<\/td>\n<td>Propia<\/td>\n<td>1 a\u00f1o<\/td>\n<\/tr>\n<tr id=\"wp-settings-time-\" align=\"center\">\n<td>wp-settings-time-<\/td>\n<td>Funcionalidad<\/td>\n<td>Sirve para personalizar la interfaz de usuario.<\/td>\n<td>Propia<\/td>\n<td>Finalizaci\u00f3n de la sesi\u00f3n<\/td>\n<\/tr>\n<tr id=\"catAccCookies\" align=\"center\">\n<td>catAccCookies<\/td>\n<td>Funcionalidad<\/td>\n<td>Contiene un c\u00f3digo para verificar que la pol\u00edtica de cookies ha sido aceptada.<\/td>\n<td>Propia<\/td>\n<td>1 d\u00eda<\/td>\n<\/tr>\n<\/tbody>\n<\/table>\n<p>Se puede modificar esta Pol\u00edtica de Cookies en funci\u00f3n de exigencias legislativas, reglamentarias, o con el fin de adaptar esta pol\u00edtica a las instrucciones dictadas por la Agencia Espa\u00f1ola de Protecci\u00f3n de Datos, por lo que se aconseja a los usuarios que la visiten peri\u00f3dicamente.<\/p>\n<p>Cuando se produzcan cambios significativos en esta Pol\u00edtica de Cookies, se comunicar\u00e1n a los Usuarios bien mediante la web o mediante correo electr\u00f3nico a los Usuarios registrados.[\/et_pb_text][\/et_pb_column][\/et_pb_row][\/et_pb_section][et_pb_section fb_built=&#8221;1&#8243; _builder_version=&#8221;4.21.0&#8243; _module_preset=&#8221;default&#8221; use_background_color_gradient=&#8221;on&#8221; background_color_gradient_direction=&#8221;140deg&#8221; background_color_gradient_stops=&#8221;#004872 0%|rgba(41,17,96,0.8) 100%&#8221; background_color_gradient_overlays_image=&#8221;on&#8221; background_image=&#8221;https:\/\/www.gargatek.com\/wp-content\/uploads\/2023\/04\/gargatek-software-programacion.png&#8221; custom_padding=&#8221;0px||0px||false|false&#8221; global_colors_info=&#8221;{}&#8221;][et_pb_row _builder_version=&#8221;4.21.0&#8243; _module_preset=&#8221;default&#8221; global_colors_info=&#8221;{}&#8221;][et_pb_column type=&#8221;4_4&#8243; _builder_version=&#8221;4.21.0&#8243; _module_preset=&#8221;default&#8221; global_colors_info=&#8221;{}&#8221;][et_pb_text _builder_version=&#8221;4.21.0&#8243; _module_preset=&#8221;default&#8221; text_font=&#8221;Open Sans||||||||&#8221; text_text_color=&#8221;#FFFFFF&#8221; text_font_size=&#8221;16px&#8221; text_line_height=&#8221;1.8em&#8221; link_font=&#8221;Open Sans||||||||&#8221; link_text_align=&#8221;center&#8221; link_text_color=&#8221;#FFFFFF&#8221; link_font_size=&#8221;16px&#8221; link_line_height=&#8221;1.8em&#8221; text_orientation=&#8221;center&#8221; global_colors_info=&#8221;{}&#8221;]<a href=\"https:\/\/www.gargatek.com\/ca\/avis-legal\/\">Av\u00eds legal<\/a> \u00b7 <a href=\"https:\/\/www.gargatek.com\/ca\/politica-de-privacitat\/\">Pol\u00edtica de privacitat<\/a> \u00b7 <a href=\"https:\/\/www.gargatek.com\/ca\/politica-de-cookies\/\">Pol\u00edtica de cookies<\/a> \u00b7 <a href=\"https:\/\/www.gargatek.com\/ca\/declaracio-daccessibilitat\/\">Declaraci\u00f3 d&#8217;accessibilitat<\/a> \u00b7 <a href=\"https:\/\/www.gargatek.com\/ca\/mapa-web\/\">Mapa web<\/a>[\/et_pb_text][\/et_pb_column][\/et_pb_row][\/et_pb_section]<\/p>\n","protected":false},"excerpt":{"rendered":"<p>En la web https:\/\/www.gargatek.com utilizamos cookies para facilitar la relaci\u00f3n de los visitantes con nuestro contenido y permitir elaborar estad\u00edsticas sobre las visitantes que recibimos. En cumplimiento de la Directiva 2009\/136\/CE, desarrollada en nuestro ordenamiento por el apartado segundo del art\u00edculo 22 de la Ley de Servicios de Sociedad de la Informaci\u00f3n, siguiendo las directrices [&hellip;]<\/p>\n","protected":false},"author":1,"featured_media":0,"parent":0,"menu_order":0,"comment_status":"closed","ping_status":"closed","template":"","meta":{"_et_pb_use_builder":"on","_et_pb_old_content":"","_et_gb_content_width":"","footnotes":""},"class_list":["post-483","page","type-page","status-publish","hentry"],"yoast_head":"<!-- This site is optimized with the Yoast SEO plugin v20.8 - https:\/\/yoast.com\/wordpress\/plugins\/seo\/ -->\n<title>Pol\u00edtica de cookies | Gargatek<\/title>\n<meta name=\"robots\" content=\"index, follow, max-snippet:-1, max-image-preview:large, max-video-preview:-1\" \/>\n<link rel=\"canonical\" href=\"https:\/\/www.gargatek.com\/ca\/politica-de-cookies\/\" \/>\n<meta property=\"og:locale\" content=\"ca_ES\" \/>\n<meta property=\"og:type\" content=\"article\" \/>\n<meta property=\"og:title\" content=\"Pol\u00edtica de cookies | Gargatek\" \/>\n<meta property=\"og:description\" content=\"En la web https:\/\/www.gargatek.com utilizamos cookies para facilitar la relaci\u00f3n de los visitantes con nuestro contenido y permitir elaborar estad\u00edsticas sobre las visitantes que recibimos. En cumplimiento de la Directiva 2009\/136\/CE, desarrollada en nuestro ordenamiento por el apartado segundo del art\u00edculo 22 de la Ley de Servicios de Sociedad de la Informaci\u00f3n, siguiendo las directrices [&hellip;]\" \/>\n<meta property=\"og:url\" content=\"https:\/\/www.gargatek.com\/ca\/politica-de-cookies\/\" \/>\n<meta property=\"og:site_name\" content=\"Gargatek\" \/>\n<meta property=\"article:modified_time\" content=\"2023-05-15T11:25:20+00:00\" \/>\n<meta name=\"twitter:card\" content=\"summary_large_image\" \/>\n<meta name=\"twitter:label1\" content=\"Temps estimat de lectura\" \/>\n\t<meta name=\"twitter:data1\" content=\"7 minuts\" \/>\n<script type=\"application\/ld+json\" class=\"yoast-schema-graph\">{\"@context\":\"https:\/\/schema.org\",\"@graph\":[{\"@type\":\"WebPage\",\"@id\":\"https:\/\/www.gargatek.com\/ca\/politica-de-cookies\/\",\"url\":\"https:\/\/www.gargatek.com\/ca\/politica-de-cookies\/\",\"name\":\"Pol\u00edtica de cookies | Gargatek\",\"isPartOf\":{\"@id\":\"https:\/\/www.gargatek.com\/#website\"},\"datePublished\":\"2023-05-11T16:12:07+00:00\",\"dateModified\":\"2023-05-15T11:25:20+00:00\",\"breadcrumb\":{\"@id\":\"https:\/\/www.gargatek.com\/ca\/politica-de-cookies\/#breadcrumb\"},\"inLanguage\":\"ca\",\"potentialAction\":[{\"@type\":\"ReadAction\",\"target\":[\"https:\/\/www.gargatek.com\/ca\/politica-de-cookies\/\"]}]},{\"@type\":\"BreadcrumbList\",\"@id\":\"https:\/\/www.gargatek.com\/ca\/politica-de-cookies\/#breadcrumb\",\"itemListElement\":[{\"@type\":\"ListItem\",\"position\":1,\"name\":\"Home\",\"item\":\"https:\/\/www.gargatek.com\/ca\/\"},{\"@type\":\"ListItem\",\"position\":2,\"name\":\"Pol\u00edtica de cookies\"}]},{\"@type\":\"WebSite\",\"@id\":\"https:\/\/www.gargatek.com\/#website\",\"url\":\"https:\/\/www.gargatek.com\/\",\"name\":\"Gargatek\",\"description\":\"\",\"potentialAction\":[{\"@type\":\"SearchAction\",\"target\":{\"@type\":\"EntryPoint\",\"urlTemplate\":\"https:\/\/www.gargatek.com\/?s={search_term_string}\"},\"query-input\":\"required name=search_term_string\"}],\"inLanguage\":\"ca\"}]}<\/script>\n<!-- \/ Yoast SEO plugin. -->","yoast_head_json":{"title":"Pol\u00edtica de cookies | Gargatek","robots":{"index":"index","follow":"follow","max-snippet":"max-snippet:-1","max-image-preview":"max-image-preview:large","max-video-preview":"max-video-preview:-1"},"canonical":"https:\/\/www.gargatek.com\/ca\/politica-de-cookies\/","og_locale":"ca_ES","og_type":"article","og_title":"Pol\u00edtica de cookies | Gargatek","og_description":"En la web https:\/\/www.gargatek.com utilizamos cookies para facilitar la relaci\u00f3n de los visitantes con nuestro contenido y permitir elaborar estad\u00edsticas sobre las visitantes que recibimos. En cumplimiento de la Directiva 2009\/136\/CE, desarrollada en nuestro ordenamiento por el apartado segundo del art\u00edculo 22 de la Ley de Servicios de Sociedad de la Informaci\u00f3n, siguiendo las directrices [&hellip;]","og_url":"https:\/\/www.gargatek.com\/ca\/politica-de-cookies\/","og_site_name":"Gargatek","article_modified_time":"2023-05-15T11:25:20+00:00","twitter_card":"summary_large_image","twitter_misc":{"Temps estimat de lectura":"7 minuts"},"schema":{"@context":"https:\/\/schema.org","@graph":[{"@type":"WebPage","@id":"https:\/\/www.gargatek.com\/ca\/politica-de-cookies\/","url":"https:\/\/www.gargatek.com\/ca\/politica-de-cookies\/","name":"Pol\u00edtica de cookies | Gargatek","isPartOf":{"@id":"https:\/\/www.gargatek.com\/#website"},"datePublished":"2023-05-11T16:12:07+00:00","dateModified":"2023-05-15T11:25:20+00:00","breadcrumb":{"@id":"https:\/\/www.gargatek.com\/ca\/politica-de-cookies\/#breadcrumb"},"inLanguage":"ca","potentialAction":[{"@type":"ReadAction","target":["https:\/\/www.gargatek.com\/ca\/politica-de-cookies\/"]}]},{"@type":"BreadcrumbList","@id":"https:\/\/www.gargatek.com\/ca\/politica-de-cookies\/#breadcrumb","itemListElement":[{"@type":"ListItem","position":1,"name":"Home","item":"https:\/\/www.gargatek.com\/ca\/"},{"@type":"ListItem","position":2,"name":"Pol\u00edtica de cookies"}]},{"@type":"WebSite","@id":"https:\/\/www.gargatek.com\/#website","url":"https:\/\/www.gargatek.com\/","name":"Gargatek","description":"","potentialAction":[{"@type":"SearchAction","target":{"@type":"EntryPoint","urlTemplate":"https:\/\/www.gargatek.com\/?s={search_term_string}"},"query-input":"required name=search_term_string"}],"inLanguage":"ca"}]}},"_links":{"self":[{"href":"https:\/\/www.gargatek.com\/ca\/wp-json\/wp\/v2\/pages\/483","targetHints":{"allow":["GET"]}}],"collection":[{"href":"https:\/\/www.gargatek.com\/ca\/wp-json\/wp\/v2\/pages"}],"about":[{"href":"https:\/\/www.gargatek.com\/ca\/wp-json\/wp\/v2\/types\/page"}],"author":[{"embeddable":true,"href":"https:\/\/www.gargatek.com\/ca\/wp-json\/wp\/v2\/users\/1"}],"replies":[{"embeddable":true,"href":"https:\/\/www.gargatek.com\/ca\/wp-json\/wp\/v2\/comments?post=483"}],"version-history":[{"count":2,"href":"https:\/\/www.gargatek.com\/ca\/wp-json\/wp\/v2\/pages\/483\/revisions"}],"predecessor-version":[{"id":485,"href":"https:\/\/www.gargatek.com\/ca\/wp-json\/wp\/v2\/pages\/483\/revisions\/485"}],"wp:attachment":[{"href":"https:\/\/www.gargatek.com\/ca\/wp-json\/wp\/v2\/media?parent=483"}],"curies":[{"name":"wp","href":"https:\/\/api.w.org\/{rel}","templated":true}]}}